{"id":16,"date":"2026-04-30T09:33:59","date_gmt":"2026-04-30T08:33:59","guid":{"rendered":"http:\/\/idcfs.usm.md\/?page_id=16"},"modified":"2026-04-30T09:53:27","modified_gmt":"2026-04-30T08:53:27","slug":"despre","status":"publish","type":"page","link":"https:\/\/idcfs.usm.md\/?page_id=16","title":{"rendered":"Despre"},"content":{"rendered":"<p class=\"text-align-justify\" style=\"text-align: justify;\">Institutul de Fiziologie \u015fi Sanocreatologie este institu\u0163ia public\u0103 \u015ftiin\u0163ific\u0103 principal\u0103 din republic\u0103 \u00een domeniul fiziologiei, sanocreatologiei \u015fi biomedicinei. Este fondat\u0103 la 6 noiembrie 1998 \u00een baza Institutului de Fiziologie al A\u015eM.<\/p>\n<p class=\"text-align-justify\" style=\"text-align: justify;\">Direc\u0163ia \u015ftiin\u0163ific\u0103 principal\u0103: dezvoltarea sanocreatologiei \u2013 direc\u0163ie nou\u0103 \u00een biomedicin\u0103, care are ca obiective elaborarea teoriei \u015fi practicii form\u0103rii, fortific\u0103rii \u015fi men\u0163inerii dirijate a s\u0103n\u0103t\u0103\u0163ii organelor \u015fi sistemelor de importan\u0163\u0103 vital\u0103 \u015fi a organismului integru, at\u00e2t la nivel individual, c\u00e2t \u015fi popula\u0163ional \u00een corespundere cu modul de via\u0163\u0103 \u015fi influen\u0163a factorilor mediului ambiant.<\/p>\n<p class=\"text-align-justify\" style=\"text-align: justify;\">Istoria Institutului \u00eencepe \u00een anul 1957 \u2013 anul cre\u0103rii laboratorului de fiziologie \u015fi biochimie a animalelor \u00een Institutul de Biologie al Filialei Moldovene\u0219ti a Academiei de \u015etiin\u0163e a URSS, ulterior reorganizat \u00een Institutul de Zoologie. Fondatorul laboratorului a fost recunoscutul savant rus, doctor habilitat \u00een medicin\u0103, profesor universitar, Om emerit A.A.Zubkov, care s-a remarcat prin studiile fundamentale \u2013 estimarea mecanismelor regl\u0103rii func\u0163iilor cordului, inhibi\u0163iei centrale, excit\u0103rii membranelor, interrela\u0163iilor sistemului nervos simpatic \u015fi parasimpatic \u0219i ca coautor al manualului \u201eFiziologia uman\u0103\u201d pentru universit\u0103\u021bile de medicin\u0103. \u00cen acest laborator au fost ini\u0163iate suplimentar cercet\u0103ri \u00een domeniul stresului, sistemelor endocrin, nervos \u015fi digestiv.<\/p>\n<p class=\"text-align-justify\" style=\"text-align: justify;\">\u00cen anul 1976 Institutul de Zoologie al Academiei de \u015etiin\u0163e a Moldovei a fost reorganizat \u00een Institutul de Zoologie \u015fi Fiziologie. \u00cen anul 1991 \u00een baza acestui institut a fost organizat Institutul de Fiziologie, care, odat\u0103 cu fondarea sanocreatologiei, \u00een 1998, a fost reorganizat \u00een Institutul de Fiziologie \u015fi Sanocreatologie al A\u015eM.Reorganizator al Institutului de Zoologie \u00een Institut de Zoologie \u015fi Fiziologie, fondator \u015fi organizator al Institutului de Fiziologie, ulterior al Institutului de Fiziologie \u015fi Sanocreatologie \u015fi \u00een continuare p\u00e2n\u0103 \u00een anul 2005 a fost academicianul A\u015eM, doctorul habilitat \u00een biologie, profesorul universitar, Omul emerit \u00een \u015ftiin\u0163\u0103 Teodor Furdui.<\/p>\n<p class=\"text-align-justify\" style=\"text-align: justify;\">\u00cen prezent Institutul de Fiziologie \u015fi Sanocreatologie dispune de cadre \u00eenalt calificate: 2 academicieni, 9 doctori habilita\u0163i \u015fi 26 de doctori \u00een \u015ftiin\u0163e.<\/p>\n<p class=\"text-align-justify\" style=\"text-align: justify;\">\u00cen 1963 \u00een baza laboratorului de fiziologie \u015fi biochimie a animalelor a fost creat laboratorul de biofizic\u0103 de c\u0103tre dr.hab.\u0219t.biol S.A.Cuzne\u0163ov. Cercet\u0103rile acestui laborator au contribui la elucidarea proceselor sistemice neuronale \u015fi a mecanismelor de activitate a diverselor structuri \u015fi la crearea \u00een baza acestora a modelelor biofizice, ce permit elaborarea sistemelor bionice.<\/p>\n<p class=\"text-align-justify\" style=\"text-align: justify;\">\u00cen laboratorul de fiziologie \u015fi biochimie func\u0163ional\u0103 dr.hab.\u0219t.biol. Nina Gusca a studiat legit\u0103\u0163ile dependen\u0163ei st\u0103rii func\u0163ionale a structurilor limbico-nespecifice ale creierului de specificul impulsa\u0163iilor aferente interoreceptive ale intestinului, iar biochimi\u015ftii laboratorului\u00a0 dr.\u0219t.biol. Valentina Toncoglas, O.Crivo\u015feev \u015fi dr.hab.\u0219t.biol. L.Mamal\u00e2ga au determinat modific\u0103rile cantitative ale con\u0163inutului de ARN \u00een sistemul neuron-glie, modific\u0103rile con\u021binutului acetilcolinei, epinefrinei \u0219i serotoninei \u00een diferite zone ale SNC la influen\u0163a factorilor stresogeni la animalele cu divers nivel de organizare a SNC.<\/p>\n<p class=\"text-align-justify\" style=\"text-align: justify;\">Cercet\u0103rile din domeniul endocrinologiei (anii 1959-1962) au condus la eviden\u021bierea mecanismelor de dezvoltare a unei maladii destul de r\u0103sp\u00e2ndite \u2013 gu\u015fa toxic\u0103 difuz\u0103 sub influen\u0163a factorilor emo\u0163ionali stresogeni, fapt, ce a permis crearea unui model experimental al acestei maladii pe animale de laborator (dr.\u0219t.biol.T.Furdui).<\/p>\n<p class=\"text-align-justify\" style=\"text-align: justify;\">\u00cen anul 1976 Institutul de Zoologie a fost transformat \u00een Institut de Zoologie \u015fi Fiziologie, ceea ce a fost un act de apreciere pozitiv\u0103 a importan\u0163ei cercet\u0103rilor \u015ftiin\u0163ifice \u00een domeniul fiziologiei. La acel moment cercet\u0103rile \u015ftiin\u0163ifice ale celor 9 laboratoare de profil fiziologic erau axate pe problema stresului, adapt\u0103rii \u015fi deregl\u0103rile func\u0163ionale.<\/p>\n<p class=\"text-align-justify\" style=\"text-align: justify;\">Cercet\u0103rile complexe \u00eentreprinse \u00een aceste laboratoare sub conducerea dr.\u0219t.biol. T.Furdui a problemei stresului au stat la baza reexamin\u0103rii concep\u0163iei lui Hans Selye despre stres \u015fi argument\u0103rii unui nou concept mai adecvat. A fost determinat rolul diferitor glande endocrine \u00een procesul adapt\u0103rii \u015fi deregl\u0103rilor func\u0163ionale la ac\u0163iunea factorilor mediului ambiant.<\/p>\n<p class=\"text-align-justify\" style=\"text-align: justify;\">Utiliz\u00e2nd metoda de lezare a diverselor structuri cerebrale a fost determinat rolul hipotalamusului anterior, forma\u0163iunii reticulare \u015fi cerebelului \u00een manifestarea rezisten\u0163ei organismului la ac\u0163iunea factorilor stresogeni (dr.\u0219t.biol. E.\u015etirbu).<\/p>\n<p class=\"text-align-justify\" style=\"text-align: justify;\">Pe baza cercet\u0103rilor simultane ale activit\u0103\u0163ii neuronale integrale a diferitor straturi ale scoar\u0163ei cerebrale doctorul \u00een \u0219tiin\u021be biologice P.Pavaliuc \u00eempreun\u0103 cu doctorul habilitat \u00een \u0219tiin\u021be biologice S.Cuzne\u0163ov au argumentat concep\u0163ia despre neurocenoz\u0103 ca unitate structural-func\u0163ional\u0103 a zonei corticale a analizatorului kinestetic.<\/p>\n<p class=\"text-align-justify\" style=\"text-align: justify;\">A fost elaborat un sistem adaptiv nou de cre\u015ftere \u015fi \u00eentre\u0163inere a animalelor \u00een complexele industriale, care a fost \u00eenalt apreciat la conferin\u0163a a 33-ea a Asocia\u0163iei Europene de Zootehnie \u00een anul 1982 (dr.hab.\u0219t.biol. T.Furdui, dr.hab.\u0219t.biol. T.Strutinschi, dr.\u0219t.biol. E. \u015etirbu, dr.\u0219t.biol. A.Nadvodniuc).<\/p>\n<p class=\"text-align-justify\" style=\"text-align: justify;\">Cercetarea mecanismelor de criolezare stresogen\u0103 sub conducerea dr.hab.\u0219t.biol. V.Nauc au\u00a0 demonstrat, c\u0103 lezarea membranei game\u0163ilor are loc preponderent \u00een rezultatul deregl\u0103rilor leg\u0103turilor \u00een complexele proteino-lipidice \u015fi proteino-glucidice, modific\u0103rii intra- \u0219i extracelulare a presiunii osmotice din cauza cre\u015fterii concentra\u0163iei electroli\u0163ilor (dr.hab.\u0219t.biol. V.Nauc, dr.hab.\u0219t.biol. Gh.Boronciuc, dr.hab.\u0219t.biol. I.Balan, dr.hab.\u0219t.biol. G.Darie, dr.hab.\u0219t.biol. A.Gusicov, dr.\u0219t.biol. Iulia Cazacov).<\/p>\n<p class=\"text-align-justify\" style=\"text-align: justify;\">A fost demonstrat c\u0103 factorii stresogeni inhib\u0103 microflora obligativ\u0103 a TGI \u015fi contribuie la dezvoltarea celei condi\u0163ionat-patogene (dr.hab.\u0219t.biol. Maria Timo\u015fco, dr.\u0219t.biol. Ana Leorda).<\/p>\n<p class=\"text-align-justify\" style=\"text-align: justify;\">Ca semn de recunoa\u015ftere a importan\u0163ei cercet\u0103rilor \u015ftiin\u0163ifice ale Institutului \u00een domeniul stresului a fost hot\u0103r\u00e2rea Sec\u0163iei de Fiziologie a Academiei de \u015etiin\u0163e a URSS privind tutelarea de c\u0103tre Institut a problemei unionale \u201eStresul \u015fi adaptarea\u201d \u015fi de a organiza la Chi\u015fin\u0103u toate cele 4 simpozioane unionale, consacrate \u201eStresului, adapt\u0103rii \u015fi deregl\u0103rilor func\u0163ionale\u201d, de a edita lucr\u0103rile de generalizare ale savan\u0163ilor sovietici \u00een domeniul stresului \u015fi adapt\u0103rii \u015fi de a organiza \u00een anul 1987 Congresul XV al Societ\u0103\u0163ii Unionale a Fiziologilor \u201eI.P.Pavlov\u201d.<\/p>\n<p class=\"text-align-justify\" style=\"text-align: justify;\">Aprecierea \u00eenalt\u0103 la acest congres a rezultatelor cercet\u0103rilor \u015ftiin\u0163ifice \u00een domeniul fiziologiei ale Institutului de Zoologie \u015fi Fiziologie a servit ca premiz\u0103 de a separa \u00een anul 1991 laboratoarele cu profil fiziologic ale acestui Institut \u00eentr-o structur\u0103 independent\u0103 \u2013 Institutul de Fiziologie al A\u015eM.<\/p>\n<p class=\"text-align-justify\" style=\"text-align: justify;\">Cercet\u0103rile complexe a factorilor stresogeni de divers\u0103 intensitate (sanogen\u0103, patogen\u0103 \u015fi degradatogen\u0103) au permis pentru prima dat\u0103 de a eviden\u0163ia \u00een experien\u0163e pe animale \u015fi a descrie fenomenul degrad\u0103rii morfofunc\u0163ionale a organelor de importan\u0163\u0103 vital\u0103 condi\u0163ionat\u0103 de influen\u0163a cronic\u0103 stresogen\u0103, care mai t\u00e2rziu a fost estimat \u015fi \u00een societatea uman\u0103 \u015fi care se manifest\u0103 prin tendin\u0163a pronun\u0163at\u0103 de cre\u015ftere a inciden\u0163ei maladiilor somatice \u015fi psihice, cre\u015fterea procentului de copii cu deregl\u0103ri func\u0163ionale ale organelor vitale, descre\u015fterea indicilor spermogramei umane etc. (academicianul T.Furdui, dr.\u0219t.biol. Valentina Ciochin\u0103, dr.\u0219t.biol. P.Pavaliuc, dr.\u0219t.biol. E.\u015etirbu, dr.\u0219t.biol. Vlada Furdui, dr.hab.\u0219t.biol. Gh.Boronciuc, dr.\u0219t.biol. Iulia Cazacova, dr.hab.\u0219t.biol. T.Strutinschi). \u0218i mai mult, a fost stabilit, c\u0103 deja la v\u00e2rsta \u015fcolar\u0103 la 80% din copii se depisteaz\u0103 deregl\u0103ri func\u0163ionale ale sistemului cardiovascular (dr.\u0219t.biol. Valentina Ciochin\u0103). Aceste rezultate demonstreaz\u0103, c\u0103 degradarea biologic\u0103 precoce se refer\u0103 nu numai la adul\u021bi, dar \u0219i la tineri.<\/p>\n<p class=\"text-align-justify\" style=\"text-align: justify;\">Cercet\u0103rile complexe multianuale \u00een domeniul stresului, adapt\u0103rii \u015fi deregl\u0103rilor func\u0163ionale au servit ca baz\u0103 \u00een fondarea unui domeniu nou \u00een biomedicin\u0103, destinat de a rezolva problema degrad\u0103rii biologice precoce \u0219i problema s\u0103n\u0103t\u0103\u021bii \u2013 sanocreatologia, ce are ca scop elaborarea teoriei \u015fi practicii de formare \u015fi men\u0163inere dirijat\u0103 a s\u0103n\u0103t\u0103\u0163ii \u00een conformitate cu modul de via\u0163\u0103 \u015fi factorii ecologici \u015fi de trai (academicianul T.Furdui, dr.\u0219t.biol. Valentina Ciochin\u0103).<\/p>\n<p class=\"text-align-justify\" style=\"text-align: justify;\">Lu\u00e2nd \u00een considerare perspectiva sanocreatologiei pentru asigurarea dirijat\u0103 a s\u0103n\u0103t\u0103\u0163ii societ\u0103\u0163ii umane, obiectivele principale de cercetare ale Institutului de Fiziologie au evoluat spre dezvoltarea sanocreatologiei, iar \u00een anul 1998 Institutul a fost reorganizat \u00een Institutul de Fiziologie \u015fi Sanocreatologie.<\/p>\n<p class=\"text-align-justify\" style=\"text-align: justify;\">Concentrarea eforturilor Institutului \u00een jurul acestui domeniu de studiu \u2013 sanocreatologia devine recunoscut\u0103 la nivel interna\u021bional prin organizarea Conferin\u021bei \u00a0\u015ftiin\u0163ifico-practice interna\u0163ionale \u201e\u0410\u043a\u0442\u0443\u0430\u043b\u044c\u043d\u044b\u0435 \u043f\u0440\u043e\u0431\u043b\u0435\u043c\u044b \u0444\u0438\u0437\u0438\u043e\u043b\u043e\u0433\u0438\u0438 \u0430\u0434\u0430\u043f\u0442\u0430\u0446\u0438\u0438 \u0438 \u0441\u0430\u043d\u043e\u043a\u0440\u0435\u0430\u0442\u043e\u043b\u043e\u0433\u0438\u0438 \u0431\u0438\u043e\u043b\u043e\u0433\u0438\u0447\u0435\u0441\u043a\u0438\u0445 \u0441\u0438\u0441\u0442\u0435\u043c \u0440\u0430\u0437\u043b\u0438\u0447\u043d\u043e\u0433\u043e \u0440\u0430\u043d\u0433\u0430: \u0431\u0438\u043e\u043b\u043e\u0433\u0438\u044f, \u0444\u0438\u0437\u0438\u043e\u043b\u043e\u0433\u0438\u044f \u0438 \u0431\u0438\u043e\u0442\u0435\u0445\u043d\u043e\u043b\u043e\u0433\u0438\u044f\u201d (5-7 octombrie 2007, \u041a\u0430\u0440\u0430\u0433\u0430\u043d\u0434\u0430); simpozioanelor \u201e\u0417\u0434\u043e\u0440\u043e\u0432\u044c\u0435 \u0438 \u0441\u0430\u043d\u043e\u043a\u0440\u0435\u0430\u0442\u043e\u043b\u043e\u0433\u0438\u044f\u201d \u00een cadrul Congreselor interna\u0163ionale ale fiziologilor din statele CSI, edi\u021biile II (29-31 octombrie 2008, Moscova-Chi\u015fin\u0103u), III (1-6 octombrie 2011, Ialta) \u0219i IV (8-12 octombrie 2014, Soci-Dagom\u00e2s); invitarea \u0219i prezentarea rapoartelor plenare consacrate sanocreatologiei\u00a0la Congresele II, III \u0219i IV interna\u0163ionale ale fiziologilor din statele CSI; Congresele VIII, IX, X \u0219i XI Interna\u0163ionale, Interdisciplinare \u201eNeuroscience for Medicine and Psychology\u201d, unde rezultatele \u015ftiin\u0163ifice ale ei au fost acceptate \u015fi recunoscute ca actuale \u015fi de perspectiv\u0103.<\/p>\n","protected":false},"excerpt":{"rendered":"<p>Institutul de Fiziologie \u015fi Sanocreatologie este institu\u0163ia public\u0103 \u015ftiin\u0163ific\u0103 principal\u0103 din republic\u0103 \u00een domeniul fiziologiei, sanocreatologiei \u015fi biomedicinei. Este fondat\u0103 la 6 noiembrie 1998 \u00een baza Institutului de Fiziologie al A\u015eM. Direc\u0163ia \u015ftiin\u0163ific\u0103 principal\u0103: dezvoltarea sanocreatologiei \u2013 direc\u0163ie nou\u0103 \u00een biomedicin\u0103, care are ca obiective elaborarea teoriei \u015fi practicii form\u0103rii, fortific\u0103rii \u015fi men\u0163inerii dirijate a [&hellip;]<\/p>\n","protected":false},"author":1,"featured_media":0,"parent":0,"menu_order":0,"comment_status":"closed","ping_status":"closed","template":"","meta":{"footnotes":""},"class_list":["post-16","page","type-page","status-publish","hentry"],"_links":{"self":[{"href":"https:\/\/idcfs.usm.md\/index.php?rest_route=\/wp\/v2\/pages\/16","targetHints":{"allow":["GET"]}}],"collection":[{"href":"https:\/\/idcfs.usm.md\/index.php?rest_route=\/wp\/v2\/pages"}],"about":[{"href":"https:\/\/idcfs.usm.md\/index.php?rest_route=\/wp\/v2\/types\/page"}],"author":[{"embeddable":true,"href":"https:\/\/idcfs.usm.md\/index.php?rest_route=\/wp\/v2\/users\/1"}],"replies":[{"embeddable":true,"href":"https:\/\/idcfs.usm.md\/index.php?rest_route=%2Fwp%2Fv2%2Fcomments&post=16"}],"version-history":[{"count":2,"href":"https:\/\/idcfs.usm.md\/index.php?rest_route=\/wp\/v2\/pages\/16\/revisions"}],"predecessor-version":[{"id":47,"href":"https:\/\/idcfs.usm.md\/index.php?rest_route=\/wp\/v2\/pages\/16\/revisions\/47"}],"wp:attachment":[{"href":"https:\/\/idcfs.usm.md\/index.php?rest_route=%2Fwp%2Fv2%2Fmedia&parent=16"}],"curies":[{"name":"wp","href":"https:\/\/api.w.org\/{rel}","templated":true}]}}